{"id":73,"date":"2023-04-14T21:28:01","date_gmt":"2023-04-14T21:28:01","guid":{"rendered":"https:\/\/solucionesencomunicacion.com.mx\/?page_id=73"},"modified":"2023-04-17T17:15:22","modified_gmt":"2023-04-17T17:15:22","slug":"nosotros","status":"publish","type":"page","link":"https:\/\/solucionesencomunicacion.com.mx\/index.php\/nosotros\/","title":{"rendered":"Nosotros"},"content":{"rendered":"<p><img loading=\"lazy\" decoding=\"async\" class=\"aligncenter wp-image-83 \" src=\"https:\/\/solucionesencomunicacion.com.mx\/wp-content\/uploads\/2023\/04\/Solcom1-1080x867.png\" alt=\"\" width=\"354\" height=\"284\" \/><\/p>\n<p>&nbsp;<\/p>\n<p>Soluci\u00f3n en comunicaci\u00f3n.<\/p>\n<p>Somos una empresa l\u00edder en el ramo de las telecomunicaciones, con m\u00e1s de 20 a\u00f1os de experiencia. La garant\u00eda de nuestro trabajo y productos est\u00e1 avalada en la satisfacciones de servicio a nuestros clientes, Nuestra Misi\u00f3n es construir a partir de diferentes herramientas y servicio, soluciones integrales de comunicaci\u00f3n \u00fanica para su empresa, con soluciones reales a sus problemas de comunicaci\u00f3n.<\/p>\n","protected":false},"excerpt":{"rendered":"<p>&nbsp; Soluci\u00f3n en comunicaci\u00f3n. Somos una empresa l\u00edder en el ramo de las telecomunicaciones, con m\u00e1s de 20 a\u00f1os de experiencia. La garant\u00eda de nuestro trabajo y productos est\u00e1 avalada en la satisfacciones de servicio a nuestros clientes, Nuestra Misi\u00f3n es construir a partir de diferentes herramientas y servicio, soluciones integrales de comunicaci\u00f3n \u00fanica para [&hellip;]<\/p>\n","protected":false},"author":1,"featured_media":0,"parent":0,"menu_order":0,"comment_status":"closed","ping_status":"closed","template":"","meta":{"footnotes":""},"class_list":["post-73","page","type-page","status-publish","hentry"],"yoast_head":"<!-- This site is optimized with the Yoast SEO plugin v21.2 - https:\/\/yoast.com\/wordpress\/plugins\/seo\/ -->\n<title>Nosotros - Soluciones en Comunicaci\u00f3n<\/title>\n<meta name=\"robots\" content=\"index, follow, max-snippet:-1, max-image-preview:large, max-video-preview:-1\" \/>\n<link rel=\"canonical\" href=\"https:\/\/solucionesencomunicacion.com.mx\/index.php\/nosotros\/\" \/>\n<meta property=\"og:locale\" content=\"es_ES\" \/>\n<meta property=\"og:type\" content=\"article\" \/>\n<meta property=\"og:title\" content=\"Nosotros - Soluciones en Comunicaci\u00f3n\" \/>\n<meta property=\"og:description\" content=\"&nbsp; Soluci\u00f3n en comunicaci\u00f3n. Somos una empresa l\u00edder en el ramo de las telecomunicaciones, con m\u00e1s de 20 a\u00f1os de experiencia. La garant\u00eda de nuestro trabajo y productos est\u00e1 avalada en la satisfacciones de servicio a nuestros clientes, Nuestra Misi\u00f3n es construir a partir de diferentes herramientas y servicio, soluciones integrales de comunicaci\u00f3n \u00fanica para [&hellip;]\" \/>\n<meta property=\"og:url\" content=\"https:\/\/solucionesencomunicacion.com.mx\/index.php\/nosotros\/\" \/>\n<meta property=\"og:site_name\" content=\"Soluciones en Comunicaci\u00f3n\" \/>\n<meta property=\"article:modified_time\" content=\"2023-04-17T17:15:22+00:00\" \/>\n<meta property=\"og:image\" content=\"https:\/\/solucionesencomunicacion.com.mx\/wp-content\/uploads\/2023\/04\/Solcom1-1080x867.png\" \/>\n<meta name=\"twitter:card\" content=\"summary_large_image\" \/>\n<meta name=\"twitter:label1\" content=\"Tiempo de lectura\" \/>\n\t<meta name=\"twitter:data1\" content=\"1 minuto\" \/>\n<script type=\"application\/ld+json\" class=\"yoast-schema-graph\">{\"@context\":\"https:\/\/schema.org\",\"@graph\":[{\"@type\":\"WebPage\",\"@id\":\"https:\/\/solucionesencomunicacion.com.mx\/index.php\/nosotros\/\",\"url\":\"https:\/\/solucionesencomunicacion.com.mx\/index.php\/nosotros\/\",\"name\":\"Nosotros - Soluciones en Comunicaci\u00f3n\",\"isPartOf\":{\"@id\":\"https:\/\/solucionesencomunicacion.com.mx\/#website\"},\"datePublished\":\"2023-04-14T21:28:01+00:00\",\"dateModified\":\"2023-04-17T17:15:22+00:00\",\"breadcrumb\":{\"@id\":\"https:\/\/solucionesencomunicacion.com.mx\/index.php\/nosotros\/#breadcrumb\"},\"inLanguage\":\"es\",\"potentialAction\":[{\"@type\":\"ReadAction\",\"target\":[\"https:\/\/solucionesencomunicacion.com.mx\/index.php\/nosotros\/\"]}]},{\"@type\":\"BreadcrumbList\",\"@id\":\"https:\/\/solucionesencomunicacion.com.mx\/index.php\/nosotros\/#breadcrumb\",\"itemListElement\":[{\"@type\":\"ListItem\",\"position\":1,\"name\":\"Portada\",\"item\":\"https:\/\/solucionesencomunicacion.com.mx\/\"},{\"@type\":\"ListItem\",\"position\":2,\"name\":\"Nosotros\"}]},{\"@type\":\"WebSite\",\"@id\":\"https:\/\/solucionesencomunicacion.com.mx\/#website\",\"url\":\"https:\/\/solucionesencomunicacion.com.mx\/\",\"name\":\"Soluciones en Comunicaci\u00f3n\",\"description\":\"\",\"potentialAction\":[{\"@type\":\"SearchAction\",\"target\":{\"@type\":\"EntryPoint\",\"urlTemplate\":\"https:\/\/solucionesencomunicacion.com.mx\/?s={search_term_string}\"},\"query-input\":\"required name=search_term_string\"}],\"inLanguage\":\"es\"}]}<\/script>\n<!-- \/ Yoast SEO plugin. -->","yoast_head_json":{"title":"Nosotros - Soluciones en Comunicaci\u00f3n","robots":{"index":"index","follow":"follow","max-snippet":"max-snippet:-1","max-image-preview":"max-image-preview:large","max-video-preview":"max-video-preview:-1"},"canonical":"https:\/\/solucionesencomunicacion.com.mx\/index.php\/nosotros\/","og_locale":"es_ES","og_type":"article","og_title":"Nosotros - Soluciones en Comunicaci\u00f3n","og_description":"&nbsp; Soluci\u00f3n en comunicaci\u00f3n. Somos una empresa l\u00edder en el ramo de las telecomunicaciones, con m\u00e1s de 20 a\u00f1os de experiencia. La garant\u00eda de nuestro trabajo y productos est\u00e1 avalada en la satisfacciones de servicio a nuestros clientes, Nuestra Misi\u00f3n es construir a partir de diferentes herramientas y servicio, soluciones integrales de comunicaci\u00f3n \u00fanica para [&hellip;]","og_url":"https:\/\/solucionesencomunicacion.com.mx\/index.php\/nosotros\/","og_site_name":"Soluciones en Comunicaci\u00f3n","article_modified_time":"2023-04-17T17:15:22+00:00","og_image":[{"url":"https:\/\/solucionesencomunicacion.com.mx\/wp-content\/uploads\/2023\/04\/Solcom1-1080x867.png"}],"twitter_card":"summary_large_image","twitter_misc":{"Tiempo de lectura":"1 minuto"},"schema":{"@context":"https:\/\/schema.org","@graph":[{"@type":"WebPage","@id":"https:\/\/solucionesencomunicacion.com.mx\/index.php\/nosotros\/","url":"https:\/\/solucionesencomunicacion.com.mx\/index.php\/nosotros\/","name":"Nosotros - Soluciones en Comunicaci\u00f3n","isPartOf":{"@id":"https:\/\/solucionesencomunicacion.com.mx\/#website"},"datePublished":"2023-04-14T21:28:01+00:00","dateModified":"2023-04-17T17:15:22+00:00","breadcrumb":{"@id":"https:\/\/solucionesencomunicacion.com.mx\/index.php\/nosotros\/#breadcrumb"},"inLanguage":"es","potentialAction":[{"@type":"ReadAction","target":["https:\/\/solucionesencomunicacion.com.mx\/index.php\/nosotros\/"]}]},{"@type":"BreadcrumbList","@id":"https:\/\/solucionesencomunicacion.com.mx\/index.php\/nosotros\/#breadcrumb","itemListElement":[{"@type":"ListItem","position":1,"name":"Portada","item":"https:\/\/solucionesencomunicacion.com.mx\/"},{"@type":"ListItem","position":2,"name":"Nosotros"}]},{"@type":"WebSite","@id":"https:\/\/solucionesencomunicacion.com.mx\/#website","url":"https:\/\/solucionesencomunicacion.com.mx\/","name":"Soluciones en Comunicaci\u00f3n","description":"","potentialAction":[{"@type":"SearchAction","target":{"@type":"EntryPoint","urlTemplate":"https:\/\/solucionesencomunicacion.com.mx\/?s={search_term_string}"},"query-input":"required name=search_term_string"}],"inLanguage":"es"}]}},"_links":{"self":[{"href":"https:\/\/solucionesencomunicacion.com.mx\/index.php\/wp-json\/wp\/v2\/pages\/73","targetHints":{"allow":["GET"]}}],"collection":[{"href":"https:\/\/solucionesencomunicacion.com.mx\/index.php\/wp-json\/wp\/v2\/pages"}],"about":[{"href":"https:\/\/solucionesencomunicacion.com.mx\/index.php\/wp-json\/wp\/v2\/types\/page"}],"author":[{"embeddable":true,"href":"https:\/\/solucionesencomunicacion.com.mx\/index.php\/wp-json\/wp\/v2\/users\/1"}],"replies":[{"embeddable":true,"href":"https:\/\/solucionesencomunicacion.com.mx\/index.php\/wp-json\/wp\/v2\/comments?post=73"}],"version-history":[{"count":11,"href":"https:\/\/solucionesencomunicacion.com.mx\/index.php\/wp-json\/wp\/v2\/pages\/73\/revisions"}],"predecessor-version":[{"id":90,"href":"https:\/\/solucionesencomunicacion.com.mx\/index.php\/wp-json\/wp\/v2\/pages\/73\/revisions\/90"}],"wp:attachment":[{"href":"https:\/\/solucionesencomunicacion.com.mx\/index.php\/wp-json\/wp\/v2\/media?parent=73"}],"curies":[{"name":"wp","href":"https:\/\/api.w.org\/{rel}","templated":true}]}}